{"id":1706,"date":"2023-09-19T17:24:54","date_gmt":"2023-09-19T15:24:54","guid":{"rendered":"https:\/\/ileave.crealogica.eu\/rechtliche-warnung\/"},"modified":"2024-01-16T18:07:05","modified_gmt":"2024-01-16T17:07:05","slug":"rechtliche-warnung","status":"publish","type":"page","link":"https:\/\/ileave.es\/de\/rechtliche-warnung\/","title":{"rendered":"Rechtliche Warnung"},"content":{"rendered":"\n<ol class=\"wp-block-list\">\n<li>ALLGEMEINE INFORMATIONEN.<\/li>\n<\/ol>\n\n<p>In Erf\u00fcllung der Informationspflicht gem\u00e4\u00df Artikel 10 des Gesetzes 34\/2002 \u00fcber&#13;\nDienstleistungen der Informationsgesellschaft und des elektronischen Handels (Ley de Servicios de la Sociedad de la Informaci\u00f3n y de Comercio Electr\u00f3nico)<\/p>\n\n<p>informieren wir Sie dar\u00fcber, dass der Eigent\u00fcmer der Website <a href=\"http:\/\/www.ileave.es\/\"><strong>http:\/\/www.ileave.es\/<\/strong><\/a> die Epbs, European Business Solutions GmbH, ist (im Folgenden THE MERCANTILE). Die Identifikation und die Kontaktdaten der Eigent\u00fcmer der Website lauten wie folgt:<\/p>\n\n<h2 class=\"wp-block-heading\">Eigent\u00fcmer: Epbs, Europ\u00e4ische Business L\u00f6sungen GmbH<\/h2>\n\n<p>USt-IdNr:: DE336262930&#13;\n<\/p>\n\n<p>Eingetragen im folgenden Handelsregister \/ \u00f6ffentlichen Register: HRB259908&#13;\n<\/p>\n\n<p>Anschrift: Wilhelm Hoegner Str. 52. 81737, M\u00fcnchen (M\u00fcnchen).&#13;\nTelefon: 629562629&#13;\n<\/p>\n\n<p>E-mail: <a href=\"mailto:tag@epbs.eu\"><strong>tag@epbs.eu<\/strong><\/a><\/p>\n\n<ol class=\"wp-block-list\" start=\"2\">\n<li>ZWECK UND ANWENDUNGSBEREICH.<\/li>\n<\/ol>\n\n<ol class=\"wp-block-list\">\n<li>In diesem rechtlichen Hinweis werden die allgemeinen Nutzungsbedingungen f\u00fcr den Zugang, die Navigation und die Nutzung der Website http:\/\/www.ileave.es\/ (nachstehend &#8222;Website&#8220;) sowie die Verantwortlichkeiten, die sich aus der Nutzung ihrer Inhalte ergeben, dargelegt. Dar\u00fcber hinaus kann die Erbringung bestimmter Dienstleistungen oder Aktivit\u00e4ten im Rahmen der Website auch anderen spezifischen Bedingungen unterliegen, die festgelegt werden k\u00f6nnen und gegebenenfalls die allgemeinen Nutzungsbedingungen des vorliegenden rechtlichen Hinweises ersetzen, erg\u00e4nzen und\/oder \u00e4ndern.<\/li>\n<\/ol>\n\n<ol class=\"wp-block-list\">\n<li>Diese Website ist ein Dienst, den THE MERCANTILE den Internetnutzern zu Informationszwecken zur Verf\u00fcgung stellt, und kann jederzeit und ohne vorherige Ank\u00fcndigung die \u00c4nderungen vornehmen, die sie in ihrem Design, ihrer Konfiguration und ihrem Inhalt f\u00fcr angemessen h\u00e4lt.<\/li>\n<\/ol>\n\n<ol class=\"wp-block-list\">\n<li>Der Zugang und die Nutzung dieser Webseite weist dem Besucher die Eigenschaft des BENUTZERS zu und impliziert seine vollst\u00e4ndige und uneingeschr\u00e4nkte Akzeptanz aller und jeder einzelnen der Nutzungsbedingungen, die THE MERCANTILE in den vorliegenden rechtlichen Hinweisen in der zum Zeitpunkt des Zugangs ver\u00f6ffentlichten Version enth\u00e4lt. <\/li>\n<\/ol>\n\n<ol class=\"wp-block-list\">\n<li>In diesem Sinne ist unter BENUTZER die Person zu verstehen, die auf die auf der Website entwickelten Dienstleistungen und Aktivit\u00e4ten zugreift, navigiert, sie nutzt oder an ihnen teilnimmt.<\/li>\n<\/ol>\n\n<p>Der BENUTZER verpflichtet sich, die Website in \u00dcbereinstimmung mit den geltenden Gesetzen, Treu und Glauben, der \u00f6ffentlichen Ordnung, dem Verkehr und den vorliegenden rechtlichen Hinweisen ordnungsgem\u00e4\u00df zu nutzen und THE MERCANTILE und Dritten gegen\u00fcber f\u00fcr alle Sch\u00e4den aufzukommen, die durch die Verletzung dieser Verpflichtung verursacht werden k\u00f6nnten.<\/p>\n\n<ol class=\"wp-block-list\" start=\"3\">\n<li>ZUGANG UND NUTZUNG DER WEBSITE.<\/li>\n<\/ol>\n\n<ol class=\"wp-block-list\">\n<li> Der Zugang zu dieser Website ist kostenlos, mit Ausnahme der Kosten f\u00fcr den Anschluss an das Telekommunikationsnetz, die von dem von jedem NUTZER beauftragten Betreiber bereitgestellt werden.<\/li>\n<\/ol>\n\n<ol class=\"wp-block-list\">\n<li>Der BENUTZER \u00fcbernimmt die Verantwortung f\u00fcr die Nutzung der Website. Daher verpflichtet sich der BENUTZER, die Inhalte in einer sorgf\u00e4ltigen und rechtm\u00e4\u00dfigen Weise zu verwenden, und THE MERCANTILE verpflichtet sich insbesondere, sie nicht f\u00fcr andere Zwecke zu verwenden:<\/li>\n<\/ol>\n\n<p>falsche Identit\u00e4ten zu verwenden oder sich bei der Nutzung der Website oder ihrer Dienste als andere Nutzer auszugeben.<\/p>\n\n<p>Computerviren in das Netz einzuschleusen oder Handlungen vorzunehmen, die elektronische Dokumente, Daten oder physische und logische Systeme von THE MERCANTILE oder Dritten ver\u00e4ndern, besch\u00e4digen, unterbrechen oder Fehler oder Sch\u00e4den verursachen k\u00f6nnen, sowie den Zugang anderer Nutzer zur Website und ihren Diensten durch den massiven Verbrauch von Computerressourcen zu behindern, \u00fcber die THE MERCANTILE seine Dienste anbietet.<\/p>\n\n<p>Versuchen, auf die E-Mail-Konten anderer Nutzer zuzugreifen und diese gegebenenfalls zu nutzen.<\/p>\n\n<p>den Inhalt der Website zu vervielf\u00e4ltigen, zu kopieren, zu verbreiten, zur Verf\u00fcgung zu stellen oder auf andere Weise \u00f6ffentlich zu kommunizieren, umzuwandeln oder zu ver\u00e4ndern, und zwar zu kommerziellen Zwecken, in jeglicher Form und mit jeglichen technischen Mitteln, ohne die vorherige und ausdr\u00fcckliche Genehmigung des Inhabers der entsprechenden Rechte.<\/p>\n\n<p>die Inhalte und\/oder Dienstleistungen, die auf dieser Website pr\u00e4sentiert werden, als eigene gesch\u00e4ftliche oder berufliche T\u00e4tigkeit einzuf\u00fchren oder zu \u00fcbernehmen.<\/p>\n\n<p>Verletzung von Rechten an geistigem oder gewerblichem Eigentum, die sich aus den Inhalten der Website ergeben.<\/p>\n\n<p>die \u00fcber diese Website erhaltenen Inhalte und\/oder Informationen jeglicher Art zu verwenden, um Werbe- oder Verkaufsf\u00f6rderungsma\u00dfnahmen durchzuf\u00fchren, Werbung jeglicher Art und Mitteilungen zu Verkaufs- oder anderen kommerziellen Zwecken zu versenden oder derartige Informationen in irgendeiner Weise zu sammeln, zu vermarkten oder weiterzugeben.<\/p>\n\n<ol class=\"wp-block-list\">\n<li>diese Website oder die darin enthaltenen Inhalte und\/oder Dienstleistungen zu nutzen, um Aktivit\u00e4ten durchzuf\u00fchren, die gegen das Gesetz, die Moral, die guten &#13;\nSitten oder die \u00f6ffentliche Ordnung versto\u00dfen, mit unerlaubten, verbotenen oder sch\u00e4dlichen Zielen oder Auswirkungen auf die Rechte und Interessen Dritter.&#13;\n&#13;\nTHE MERCANTILE beh\u00e4lt sich das Recht vor, den Zugang zur Website jederzeit und ohne vorherige Ank\u00fcndigung zu unterbrechen, sowie die Bereitstellung eines oder aller \u00fcber die Website angebotenen Dienste zu unterbrechen, sei es aus technischen Gr\u00fcnden, aus Sicherheitsgr\u00fcnden oder aus anderen Gr\u00fcnden.<\/li>\n<\/ol>\n\n<ol class=\"wp-block-list\" start=\"4\">\n<li>SCHUTZ DER PERSONENBEZOGENEN DATEN.<\/li>\n<\/ol>\n\n<ol class=\"wp-block-list\">\n<li>THE MERCANTILE verpflichtet sich, personenbezogene Daten so zu verarbeiten, dass die Rechte ihrer Eigent\u00fcmer gewahrt bleiben und die geltenden Datenschutzbestimmungen jederzeit eingehalten werden.<\/li>\n<\/ol>\n\n<ol class=\"wp-block-list\">\n<li>In der Sektion PRIVACY POLICIES der Webseite, die rechtlichen Informationen oder die Datenschutzpolitik, die den verschiedenen Datenverarbeitungen entsprechen, die von THE MERCANTILE in Bezug auf die Verwaltung der Daten der Webbenutzer, der Anh\u00e4nger in den sozialen Netzwerken, der Kandidaten, usw. durchgef\u00fchrt werden.<\/li>\n<\/ol>\n\n<ol class=\"wp-block-list\">\n<li>F\u00fcr den Fall, dass der BENUTZER freiwillig eines der auf der Webseite verf\u00fcgbaren Online-Formulare zur Datenerfassung ausf\u00fcllt, um auf einige ihrer Dienste oder Inhalte zuzugreifen, verpflichtet er sich, korrekte und wahrheitsgem\u00e4\u00dfe Daten zu liefern, sowie , THE MERCANTILE jede \u00c4nderung dieser Daten mitzuteilen. Sofern nicht ausdr\u00fccklich anders angegeben, sind die in unseren Formularen abgefragten Daten notwendig, um Ihre Anfrage bearbeiten zu k\u00f6nnen.<\/li>\n<\/ol>\n\n<p>In jedem Fall enth\u00e4lt das entsprechende Online-Formular zur Erfassung der personenbezogenen Daten des BENUTZERS einen Link zu den entsprechenden Datenschutzhinweisen, die f\u00fcr die Verarbeitung der angegebenen personenbezogenen Daten gelten. Die ausdr\u00fcckliche Annahme des entsprechenden Datenschutzhinweises durch den BENUTZER ist erforderlich, damit das Formular als ausgef\u00fcllt gilt und der Sendevorgang abgeschlossen werden kann. Der Inhalt dieser Politik kann ge\u00e4ndert werden, um ihn an eventuelle Gesetzes\u00e4nderungen sowie an die von den zust\u00e4ndigen Datenschutzbeh\u00f6rden festgelegten Kriterien und Standpunkte anzupassen.<\/p>\n\n<ol class=\"wp-block-list\">\n<li>Stellt ein BENUTZER personenbezogene Daten anderer nat\u00fcrlicher Personen zur Verf\u00fcgung, so ist er verpflichtet, in Bezug auf diese Daten alle Verpflichtungen einzuhalten, die sich aus den geltenden Datenschutzbestimmungen ergeben, insbesondere die Pflicht, den Inhaber der personenbezogenen Daten zu informieren und seine Zustimmung einzuholen.<\/li>\n<\/ol>\n\n<ol class=\"wp-block-list\">\n<li>Kindern unter 13 Jahren ist es nicht gestattet, ihre pers\u00f6nlichen Daten \u00fcber die Website zu \u00fcbermitteln, da sie die ausdr\u00fcckliche vorherige Genehmigung ihrer Eltern oder Erziehungsberechtigten ben\u00f6tigen. In jedem Fall richtet sich diese Website nicht an minderj\u00e4hrige Kinder.<\/li>\n<\/ol>\n\n<ol class=\"wp-block-list\" start=\"5\">\n<li>GEISTIGES UND GEWERBLICHES EIGENTUM.<\/li>\n<\/ol>\n\n<ol class=\"wp-block-list\">\n<li>Alle Elemente des Portals (einschlie\u00dflich, ohne Einschr\u00e4nkung, Quellcodes, Datenbanken, Design, Bilder, Fotografien, Zeichnungen, Grafiken, Animationen, Anwendungen, Suchmaschinen, Seiten, Logos, Marken und Handelsnamen) sind Eigentum von THE MERCANTILE oder wurden ihm \u00fcbertragen (sofern nicht ausdr\u00fccklich angegeben).<\/li>\n<\/ol>\n\n<p> Daher sind die Urheber- und Verwertungsrechte in ihrer gesamten Ausdehnung und Modalit\u00e4t durch nationale und internationale Bestimmungen zum geistigen und gewerblichen Eigentum gesch\u00fctzt, deren Verletzung eine unerlaubte und kriminelle Handlung darstellt.<\/p>\n\n<ol class=\"wp-block-list\">\n<li>In keinem Fall wird davon ausgegangen, dass der Zugang und die Navigation des BENUTZERS auf der Website einen Verzicht, eine \u00dcbertragung, eine Lizenz oder eine vollst\u00e4ndige oder teilweise Abtretung der genannten Rechte durch THE MERCANTILE bedeutet, noch dass sie dem BENUTZER ein Recht auf Nutzung, \u00dcbersetzung, Anpassung, \u00c4nderung, Verwertung, Vervielf\u00e4ltigung, Verbreitung oder \u00f6ffentliche Mitteilung der genannten Inhalte zu kommerziellen Zwecken ohne die vorherige und ausdr\u00fcckliche Genehmigung von THE MERCANTILE oder des Inhabers der betreffenden Rechte einr\u00e4umt. Die Nichteinhaltung des Vorstehenden erm\u00e4chtigt THE MERCANTILE oder die Inhaber der entsprechenden Rechte, die entsprechenden rechtlichen Schritte einzuleiten.&#13;\n<\/li>\n<\/ol>\n\n<ol class=\"wp-block-list\">\n<li>Die Verbreitung, Ver\u00e4nderung, Abtretung oder \u00f6ffentliche Wiedergabe der Inhalte sowie jede andere Handlung, die nicht ausdr\u00fccklich vom Inhaber der Verwertungsrechte genehmigt wurde, ist verboten.<\/li>\n<\/ol>\n\n<ol class=\"wp-block-list\">\n<li>Die Vervielf\u00e4ltigung (Drucken und Herunterladen) von Ausz\u00fcgen aus dem Inhalt des Portals oder der Website ist nur dann gestattet, wenn sie f\u00fcr den pers\u00f6nlichen oder privaten Gebrauch oder zu Forschungs- oder Studienzwecken erfolgt.<\/li>\n<\/ol>\n\n<ol class=\"wp-block-list\" start=\"6\">\n<li>TRADEMARKEN.<\/li>\n<\/ol>\n\n<p>Alle auf dieser Website dargestellten Marken, Logos und Anagramme sind Eigentum von THE MERCANTILE oder von Drittunternehmen. Die Verwendung von Elementen dieser Website, die gem\u00e4\u00df der geltenden Gesetzgebung \u00fcber das gewerbliche Eigentum gesch\u00fctzt sind, ist ohne vorherige Genehmigung ausdr\u00fccklich verboten. Insbesondere d\u00fcrfen Marken, Handelsnamen, Gesch\u00e4ftszeichen, Bezeichnungen, Logos, Slogans oder jegliche Art von Unterscheidungsmerkmalen des Inhabers nicht verwendet werden.<\/p>\n\n<ol class=\"wp-block-list\" start=\"7\">\n<li>AUSSCHLUSS VON GEW\u00c4HRLEISTUNG UND HAFTUNG.<\/li>\n<\/ol>\n\n<ol class=\"wp-block-list\">\n<li>Der Inhalt dieser Website dient zu Informationszwecken und zur Schaffung eines Kommunikationskanals mit den BENUTZERN, ohne dass ihr Inhalt als ersch\u00f6pfende Beratung zu irgendeinem Thema angesehen werden kann. THE MERCANTILE garantiert weder den Zugang zu allen Inhalten, noch deren Vollst\u00e4ndigkeit, Korrektheit, G\u00fcltigkeit oder Aktualit\u00e4t, noch deren Eignung oder N\u00fctzlichkeit f\u00fcr einen bestimmten Zweck. THE MERCANTILE schlie\u00dft, soweit gesetzlich zul\u00e4ssig, jegliche Haftung f\u00fcr Sch\u00e4den jeglicher Art aus, die beispielsweise durch Fehler oder Auslassungen im Inhalt, mangelnde Verf\u00fcgbarkeit der Website oder die \u00dcbertragung von Viren oder b\u00f6sartigen oder sch\u00e4dlichen Programmen im Inhalt entstehen. THE MERCANTILE erkl\u00e4rt jedoch, dass es im Rahmen seiner M\u00f6glichkeiten und des Standes der Technik alle notwendigen Ma\u00dfnahmen ergriffen hat, um den Betrieb der Website zu gew\u00e4hrleisten und das Vorhandensein und die \u00dcbertragung von Viren und anderen sch\u00e4dlichen Komponenten <\/li>\n<\/ol>\n\n<p>an die BENUTZER zu vermeiden.<\/p>\n\n<p>THE MERCANTILE ist nicht verantwortlich f\u00fcr die Nutzung der Dienste und Inhalte der Webseite durch den BENUTZER. Der BENUTZER erkennt an und akzeptiert, dass die Nutzung der Website sowie ihrer Dienste und Inhalte auf sein eigenes Risiko und seine eigene Verantwortung erfolgt.&#13;\n&#13;\nDer BENUTZER tr\u00e4gt die alleinige Verantwortung f\u00fcr die Beitr\u00e4ge und Kommentare auf dieser Website, wobei sich THE MERCANTILE das Recht vorbeh\u00e4lt, diejenigen zur\u00fcckzuziehen, die sie nach eigenem Ermessen f\u00fcr unangemessen h\u00e4lt, und THE MERCANTILE kann nicht f\u00fcr die von den BENUTZERN gemachten Kommentare verantwortlich gemacht werden.&#13;\n<\/p>\n\n<ol class=\"wp-block-list\" start=\"8\">\n<li>LINKS.<\/li>\n<\/ol>\n\n<p>F\u00fcr den Fall, dass auf der Webseite Links oder Hyperlinks zu anderen Internetseiten vorhanden sind, \u00fcbt THE MERCANTILE keine Kontrolle \u00fcber diese Seiten und Inhalte aus. In keinem Fall \u00fcbernimmt THE MERCANTILE die Verantwortung f\u00fcr den Inhalt der verlinkten Websites Dritter und garantiert auch nicht die technische Verf\u00fcgbarkeit, Qualit\u00e4t, Zuverl\u00e4ssigkeit, Genauigkeit, Umfang, Wahrhaftigkeit, Rechtm\u00e4\u00dfigkeit oder G\u00fcltigkeit des Materials oder der Informationen, die in diesen Hyperlinks oder anderen Websites enthalten sind. In diesem Sinne m\u00fcssen die BENUTZER, wenn sie tats\u00e4chliche Kenntnis von der Rechtswidrigkeit von Aktivit\u00e4ten haben, die \u00fcber diese verlinkten Webseiten Dritter durchgef\u00fchrt werden, sofort THE MERCANTILE benachrichtigen, damit der Zugangslink zu ihnen deaktiviert werden kann.<\/p>\n\n<p>Ebenso impliziert die Aufnahme jeglicher Art von Link durch THE MERCANTILE zu anderen Internetseiten nicht, dass es irgendeine Art von Beziehung, Verbindung, Zusammenarbeit oder Abh\u00e4ngigkeit zwischen THE MERCANTILE und dem Eigent\u00fcmer der dritten Website gibt.&#13;\n<\/p>\n\n<ol class=\"wp-block-list\" start=\"9\">\n<li>RECHT AUF AUSSCHLUSS.<\/li>\n<\/ol>\n\n<p>THE MERCANTILE beh\u00e4lt sich das Recht vor, den Zugang zu dieser Website und\/oder den darin angebotenen Inhalten und Diensten ohne Vorank\u00fcndigung denjenigen BENUTZERN zu verweigern oder zu entziehen, die die vorliegenden allgemeinen Nutzungsbedingungen oder die gegebenenfalls festgelegten besonderen Bedingungen nicht einhalten.<\/p>\n\n<ol class=\"wp-block-list\" start=\"10\">\n<li>ALLGEMEINES.<\/li>\n<\/ol>\n\n<p>Im Falle einer Abweichung zwischen den Bestimmungen der vorliegenden allgemeinen Nutzungsbedingungen und den besonderen Bedingungen der einzelnen Dienste sind die Bestimmungen der letzteren ma\u00dfgebend.<\/p>\n\n<p>Sollte eine Bestimmung oder ein Inhalt des vorliegenden rechtlichen Hinweises durch eine rechtskr\u00e4ftige Entscheidung eines zust\u00e4ndigen Gerichts ganz oder teilweise f\u00fcr nichtig oder unanwendbar erkl\u00e4rt werden, so ber\u00fchrt diese Nichtigkeit oder Unanwendbarkeit nicht die \u00fcbrigen Bestimmungen der Nutzungsbedingungen, die f\u00fcr alle Zwecke g\u00fcltig bleiben.&#13;\n<\/p>\n\n<p>Die Nichtaus\u00fcbung oder Ausf\u00fchrung eines Rechts oder einer Bestimmung dieser Nutzungsbedingungen durch THE MERCANTILE stellt keinen Verzicht auf diese Rechte oder Bestimmungen&#13;\n<\/p>\n\n<p> dar, es sei denn, dies wurde schriftlich best\u00e4tigt und vereinbart.<\/p>\n\n<p>THE MERCANTILE kann die hier festgelegten Bedingungen jederzeit ganz oder teilweise \u00e4ndern, wobei diese \u00c4nderungen ab dem Zeitpunkt ihrer Ver\u00f6ffentlichung auf dieser Website g\u00fcltig sind.<\/p>\n\n<ol class=\"wp-block-list\" start=\"11\">\n<li>R\u00c4UME MIT BESCHR\u00c4NKTEM ZUGANG.<\/li>\n<\/ol>\n\n<p>Der Zugang zu bestimmten Bereichen dieser Website ist durch einen Benutzercode und ein Passwort gesch\u00fctzt (die beim Ausf\u00fcllen des Registrierungsformulars festgelegt werden m\u00fcssen), mit denen der Benutzer die folgenden Verpflichtungen eingeht:<\/p>\n\n<p>Die Zugangsdaten sind pers\u00f6nlich und nicht \u00fcbertragbar, sie identifizieren den Benutzer auf der Website und es liegt in der Verantwortung des Benutzers, sie geheim zu halten. Daher ist der Nutzer f\u00fcr alle Handlungen verantwortlich, die mit seinen Zugangsdaten durchgef\u00fchrt werden.<\/p>\n\n<p>Der Nutzer wird THE MERCANTILE \u00fcber jede unbefugte Nutzung seiner Anmeldedaten oder jeden anderen Sicherheitsvorfall informieren, sobald er davon Kenntnis erlangt.<\/p>\n\n<ol class=\"wp-block-list\" start=\"12\">\n<li>SOZIALE NETZWERKE.<\/li>\n<\/ol>\n\n<p>THE MERCANTILE kann gegenw\u00e4rtig oder in Zukunft in den sozialen Netzwerken des Internets pr\u00e4sent sein, wenn es dies f\u00fcr angemessen erachtet, eine Pr\u00e4senz zu schaffen.<\/p>\n\n<p>Diese Bereiche werden als offiziell betrachtet und \u00fcbernehmen keine Verantwortung f\u00fcr die Nutzung oder den Inhalt, der in anderen Konten oder offenen Bereichen in sozialen Netzwerken von Dritten bereitgestellt wird. THE MERCANTILE \u00fcbernimmt keine Verantwortung f\u00fcr die Nutzung oder den Inhalt von Konten oder offenen Bereichen, die von ihren Beamten auf private Weise im privaten Bereich oder durch eine politische Partei oder eine andere Gruppe, der sie angeh\u00f6ren, eingerichtet wurden.<\/p>\n\n<p>THE MERCANTILE kann als Verwalter seiner eigenen Instanzen in den besagten Netzen beschlie\u00dfen, jegliche in ihnen ver\u00f6ffentlichten Inhalte nicht zu ver\u00f6ffentlichen und\/oder zu l\u00f6schen.<\/p>\n\n<p>In jedem Fall ist der BENUTZER allein f\u00fcr die Inhalte verantwortlich, die gegebenenfalls in diesen sozialen Netzwerken von THE MERCANTILE ver\u00f6ffentlicht werden, wobei die allgemeinen Nutzungsbedingungen dieser Website in vollem Umfang auf die sozialen Netzwerke anwendbar sind; dies gilt unbeschadet der Anwendung der von dem sozialen Netzwerk selbst festgelegten Bedingungen und Bestimmungen oder Richtlinien.<\/p>\n\n<p>Au\u00dferdem informieren wir Sie dar\u00fcber, dass die Website gegebenenfalls Plugins oder Erg\u00e4nzungen von sozialen Netzwerken integriert, bei denen Sie Folgendes beachten m\u00fcssen:<\/p>\n\n<p>Wenn Sie als Benutzer im sozialen Netzwerk (Facebook, Twitter) registriert sind und wenn Sie diese Website besuchen, haben Sie eine offene Sitzung in einem dieser sozialen Netzwerke, &#13;\n<\/p>\n\n<p>wenn Sie auf deren Plugins &#8222;klicken&#8220;, wird das soziale Netzwerk die Informationen erhalten, die angeben, dass Sie die Website besucht haben. Dar\u00fcber hinaus wird es Informationen \u00fcber Ihr Benutzerprofil dieses sozialen Netzwerks (Name, E-Mail, Foto, etc.) zur Verf\u00fcgung stellen.<\/p>\n\n<p>Wenn Sie nicht in dem sozialen Netzwerk registriert sind oder w\u00e4hrend des Besuchs der Website nicht eingeloggt sind, kann das soziale Netzwerk zumindest Ihre IP-Adresse empfangen und speichern.<\/p>\n\n<p>Wenn Sie nicht m\u00f6chten, dass ein soziales Netzwerk Ihre pers\u00f6nlichen Daten sammelt oder an uns oder Dritte weitergibt, lesen Sie bitte die Datenschutzrichtlinien des betreffenden sozialen Netzwerks und loggen Sie sich dort aus, bevor Sie diese Website besuchen. Sie k\u00f6nnen auch bestehende Cookies, die das soziale Netzwerk auf Ihrem Computer installiert hat, \u00fcber die Funktionen Ihres Browsers l\u00f6schen.<\/p>\n\n<ol class=\"wp-block-list\" start=\"13\">\n<li>ANWENDBARES RECHT UND GERICHTSBARKEIT.<\/li>\n<\/ol>\n\n<p>Die Beziehungen, die zwischen THE MERCANTILE als Eigent\u00fcmerin dieser Website und dem BENUTZER entstehen, werden durch die Bestimmungen der geltenden Gesetzgebung und der zust\u00e4ndigen Gerichtsbarkeit geregelt. &#13;\nIn den F\u00e4llen, in denen die Vorschriften die M\u00f6glichkeit vorsehen, dass sich die Parteien einem Gerichtsstand unterwerfen, unterwerfen sich das MERCANTILE und der BENUTZER unter ausdr\u00fccklichem Verzicht auf jeden anderen Gerichtsstand, der ihnen zustehen k\u00f6nnte, den Gerichten von M\u00fcnchen.<\/p>\n\n<div style=\"height:100px\" aria-hidden=\"true\" class=\"wp-block-spacer\"><\/div>\n","protected":false},"excerpt":{"rendered":"<p>In Erf\u00fcllung der Informationspflicht gem\u00e4\u00df Artikel 10 des Gesetzes 34\/2002 \u00fcber&#13; Dienstleistungen der Informationsgesellschaft und des elektronischen Handels (Ley de Servicios de la Sociedad de la Informaci\u00f3n y de Comercio Electr\u00f3nico) informieren wir Sie dar\u00fcber, dass der Eigent\u00fcmer der Website http:\/\/www.ileave.es\/ die Epbs, European Business Solutions GmbH, ist (im Folgenden THE MERCANTILE). Die Identifikation und [&hellip;]<\/p>\n","protected":false},"author":1,"featured_media":0,"parent":0,"menu_order":0,"comment_status":"closed","ping_status":"closed","template":"","meta":{"footnotes":""},"class_list":["post-1706","page","type-page","status-publish","hentry"],"_links":{"self":[{"href":"https:\/\/ileave.es\/de\/wp-json\/wp\/v2\/pages\/1706","targetHints":{"allow":["GET"]}}],"collection":[{"href":"https:\/\/ileave.es\/de\/wp-json\/wp\/v2\/pages"}],"about":[{"href":"https:\/\/ileave.es\/de\/wp-json\/wp\/v2\/types\/page"}],"author":[{"embeddable":true,"href":"https:\/\/ileave.es\/de\/wp-json\/wp\/v2\/users\/1"}],"replies":[{"embeddable":true,"href":"https:\/\/ileave.es\/de\/wp-json\/wp\/v2\/comments?post=1706"}],"version-history":[{"count":11,"href":"https:\/\/ileave.es\/de\/wp-json\/wp\/v2\/pages\/1706\/revisions"}],"predecessor-version":[{"id":3053,"href":"https:\/\/ileave.es\/de\/wp-json\/wp\/v2\/pages\/1706\/revisions\/3053"}],"wp:attachment":[{"href":"https:\/\/ileave.es\/de\/wp-json\/wp\/v2\/media?parent=1706"}],"curies":[{"name":"wp","href":"https:\/\/api.w.org\/{rel}","templated":true}]}}