{"id":1710,"date":"2023-09-05T11:50:55","date_gmt":"2023-09-05T09:50:55","guid":{"rendered":"https:\/\/ileave.crealogica.eu\/politik-von-privatsphaere\/"},"modified":"2024-01-17T11:45:31","modified_gmt":"2024-01-17T10:45:31","slug":"politik-von-privatsphaere","status":"publish","type":"page","link":"https:\/\/ileave.es\/de\/politik-von-privatsphaere\/","title":{"rendered":"Politik von privatsph\u00e4re"},"content":{"rendered":"\n<ol class=\"wp-block-list\" type=\"I\">\n<li>EINLEITUNG.<\/li>\n<\/ol>\n\n<p>Epbs, European Business Solutions GmbH, (im Folgenden The Mercantile) beh\u00e4lt sich das Recht vor, diese Richtlinie zu \u00e4ndern, um sie an neue Gesetze, juristische Kriterien, Branchenpraktiken oder Interessen des Unternehmens anzupassen. Jede \u00c4nderung wird rechtzeitig bekannt gegeben, so dass Sie \u00fcber den Inhalt genau informiert sind.&#13;\n<\/p>\n\n<p>Um bestimmte Dienstleistungen erbringen zu k\u00f6nnen, ist es notwendig, Ihre pers\u00f6nlichen Daten zu verwalten. F\u00fcr diese Zwecke werden sie in die entsprechenden Verarbeitungsaktivit\u00e4ten von The Mercantile Epbs, European Business Solutions GmbH. und werden mit dem spezifischen Zweck jeder Behandlung in \u00dcbereinstimmung mit der Verordnung (EU) 2016\/679 des Europ\u00e4ischen Parlaments und des Rates vom 27. April 2016 \u00fcber den Schutz nat\u00fcrlicher Personen bei der Verarbeitung personenbezogener Daten und den freien Verkehr dieser Daten und der Richtlinie 95\/46\/EG (Allgemeine Datenschutzverordnung) und dem spanischen Organgesetz 3\/2018 vom 5. Dezember \u00fcber den Schutz personenbezogener Daten und die Gew\u00e4hrleistung digitaler Rechte (LOPDGDD) behandelt werden.&#13;\n<\/p>\n\n<p><\/p>\n\n<ol class=\"wp-block-list\" type=\"I\" start=\"2\">\n<li>ALLGEMEINE INFORMATIONEN.<\/li>\n<\/ol>\n\n<p>Nachfolgend informiert The Mercantile in allgemeiner Form \u00fcber den Schutz der Privatsph\u00e4re und den Schutz personenbezogener Daten, die bei den auf der Ebene des Portals durchgef\u00fchrten Behandlungen sowie mit anderen Mitteln angewandt werden:<\/p>\n\n<p><\/p>\n\n<h2 class=\"wp-block-heading\">1.- Wer ist f\u00fcr die Verarbeitung Ihrer personenbezogenen Daten verantwortlich?<\/h2>\n\n<p>Die Mercantile Epbs, European Business Solutions GmbH, CIF: DE336262930, ist der f\u00fcr die Datenverarbeitung Verantwortliche mit Sitz in der Wilhelm Hoegner Str. 52. 81737, M\u00fcnchen (M\u00fcnchen).<\/p>\n\n<p>Eingetragen im folgenden Handelsregister \/ \u00f6ffentlichen Register: &#13;\no\tAnschrift: Wilhelm Hoegner Str. 52. 81737, M\u00fcnchen (M\u00fcnchen).&#13;\no\tTelefon: 629562629<\/p>\n\n<p>E-mail de contacto: <a href=\"mailto:tag@epbs.eu\"><u>tag@epbs.eu<\/u><\/a><\/p>\n\n<p>Unsere Website:  <a href=\"http:\/\/www.ileave.es\/\"><u>http:\/\/www.ileave.es\/<\/u><\/a><\/p>\n\n<p> <\/p>\n\n<p> <\/p>\n\n<p><\/p>\n\n<h2 class=\"wp-block-heading\">2.- Warum verarbeiten wir Ihre personenbezogenen Daten?<\/h2>\n\n<p>Der Zweck der Erhebung und Verarbeitung personenbezogener Daten \u00fcber die verschiedenen Formulare von The Mercantile, die den Nutzern zur Verf\u00fcgung gestellt werden, ist, je nach Fall, die Verwaltung und Beantwortung von Informationsanfragen, Zweifeln, Beschwerden, Gl\u00fcckw\u00fcnschen oder Vorschl\u00e4gen zu den Ver\u00f6ffentlichungen oder zu Dienstleistungen oder Aktivit\u00e4ten, Handlungen oder Veranstaltungen, die von The Mercantile angeboten, gesponsert und\/oder gef\u00f6rdert werden. Im Einzelnen verarbeitet The Mercantile die Daten f\u00fcr die folgenden Zwecke:<\/p>\n\n<p>Information und ggf. Bearbeitung des Antrags auf Registrierung und Verwaltung Ihres Zustands als Mitarbeiter von The Mercantile \/ Kunde von The Mercantile.<\/p>\n\n<p>Wirtschaftliche, buchhalterische, verwaltungstechnische und abrechnungstechnische Verwaltung in jedem ihrer Zust\u00e4nde (Partner von The Mercantile \/ Kunde von The Mercantile; Ver\u00f6ffentlichungsauftr\u00e4ge; Registrierung).<\/p>\n\n<p>Verwaltung von Abonnementanfragen zum Erhalt von Mitteilungen und elektronischen Newslettern \u00fcber The Mercantile.<\/p>\n\n<p>Beachtung, Beantwortung und Verwaltung der an The Mercantile gerichteten Informations- oder Kontaktanfragen.<\/p>\n\n<p>Env\u00edo de informaci\u00f3n sobre los servicios propios de la organizaci\u00f3n, jornadas y eventos que se organicen incluyendo informaci\u00f3n sobre los servicios de la organizaci\u00f3n.<\/p>\n\n<p>Zusendung von Informationen \u00fcber die eigenen Dienstleistungen, Seminare und Veranstaltungen, die von The Mercantile organisiert werden, einschlie\u00dflich Informationen \u00fcber die Dienstleistungen von The Mercantile.<\/p>\n\n<p>Durchf\u00fchrung von Marktforschung zur Messung der Qualit\u00e4t der Dienstleistungen von The Mercantile durch Zufriedenheitsumfragen.<\/p>\n\n<p>Im Falle von Eink\u00e4ufen \u00fcber die Website von The Mercantile werden die dort gesammelten Daten zur Verwaltung des Vertragsverh\u00e4ltnisses mit The Mercantile sowie f\u00fcr die wirtschaftliche, buchhalterische, administrative und abrechnungstechnische Abwicklung des Einkaufs verwendet.&#13;\n&#13;\nGegebenenfalls Aufnahme in den Bereich mit beschr\u00e4nktem Zugang auf der Website.<\/p>\n\n<p><\/p>\n\n<h2 class=\"wp-block-heading\">3.- Auf welcher Rechtsgrundlage ist die Verarbeitung Ihrer personenbezogenen Daten legitimiert? Mit anderen Worten: Welche Gr\u00fcnde oder M\u00f6glichkeiten gibt es, Ihre personenbezogenen Daten zu verarbeiten?<\/h2>\n\n<p>Die Rechtsgrundlage, die uns zur Verarbeitung Ihrer personenbezogenen Daten legitimiert, sind die folgenden: (I) die von Ihnen durch Unterzeichnung oder Annahme der entsprechenden Formulare erteilte Einwilligung f\u00fcr einen oder mehrere bestimmte Zwecke (II) und gegebenenfalls die Ausf\u00fchrung eines Vertrags, an dem Sie als Auftragnehmer oder Kunde beteiligt sind.<\/p>\n\n<p><\/p>\n\n<h2 class=\"wp-block-heading\">4.- Wie lange bewahren wir Ihre personenbezogenen Daten auf?<\/h2>\n\n<p>Wir werden Ihre pers\u00f6nlichen Daten f\u00fcr den entsprechenden Zeitraum aufbewahren, um eine Geschichte der Aufmerksamkeit zu erhalten und unsere Dienste effizient zu verwalten, und der Interessent nicht ihre L\u00f6schung beantragt. Auch wenn die L\u00f6schung beantragt wird, werden sie f\u00fcr die notwendige Zeit blockiert bleiben, und die Begrenzung ihrer Behandlung, nur f\u00fcr einen dieser F\u00e4lle: erf\u00fcllen die gesetzlichen \/ vertraglichen Verpflichtungen jeglicher Art, die wir unterliegen und \/ oder w\u00e4hrend der gesetzlichen Fristen f\u00fcr die Verschreibung von Verantwortlichkeiten auf unserer Seite und \/ oder die Aus\u00fcbung oder Verteidigung von Anspr\u00fcchen aus der Beziehung mit dem Eigent\u00fcmer der Daten abgeleitet etabliert.<\/p>\n\n<p><\/p>\n\n<h2 class=\"wp-block-heading\">5.- Wer sollte die Daten auf dem neuesten Stand halten?<\/h2>\n\n<p>Andererseits werden wir versuchen, die Daten in unseren Dateien auf dem neuesten Stand zu halten, damit sie immer der Realit\u00e4t entsprechen, sei es auf dem Computer oder auf Papier. Zu diesem Zweck muss der Benutzer die \u00c4nderungen direkt vornehmen, wenn er die M\u00f6glichkeit dazu hat, oder er muss sich mit zuverl\u00e4ssigen Mitteln an den entsprechenden Bereich oder die Abteilung von The Mercantile wenden.<\/p>\n\n<p><\/p>\n\n<h2 class=\"wp-block-heading\">6.- Wer kann Empf\u00e4nger Ihrer personenbezogenen Daten sein?<\/h2>\n\n<p>Personenbezogene Daten werden nicht an Dritte weitergegeben oder mitgeteilt, au\u00dfer in den F\u00e4llen, die f\u00fcr die Entwicklung, Kontrolle und Erf\u00fcllung des\/der erkl\u00e4rten Zweckes\/Zwecke notwendig sind, in den gesetzlich vorgesehenen F\u00e4llen.<\/p>\n\n<p><\/p>\n\n<h2 class=\"wp-block-heading\">7. die Sicherheit personenbezogener Daten.<\/h2>\n\n<p>Der Handel wird in seinem Informationssystem die geeigneten technischen und organisatorischen Ma\u00dfnahmen ergreifen, um die Sicherheit und die Vertraulichkeit der gespeicherten Daten zu gew\u00e4hrleisten und so ihre Ver\u00e4nderung, ihren Verlust, ihre Verarbeitung oder ihren unbefugten Zugriff zu verhindern, wobei der Stand der Technik, die Kosten der Anwendung, die Art, der Umfang, der Kontext und die Zwecke der Verarbeitung sowie die mit jeder Verarbeitung verbundenen Risiken unterschiedlicher Wahrscheinlichkeit und Schwere ber\u00fccksichtigt werden.<\/p>\n\n<p><\/p>\n\n<h2 class=\"wp-block-heading\">8.- Welche Rechte haben Sie in Bezug auf den Datenschutz und wie k\u00f6nnen Sie diese aus\u00fcben?<\/h2>\n\n<p>Sie k\u00f6nnen Ihre Rechte auf Auskunft, Berichtigung, L\u00f6schung, Einschr\u00e4nkung, \u00dcbertragbarkeit oder gegebenenfalls Widerspruch aus\u00fcben. Zu diesem Zweck m\u00fcssen Sie ein Schreiben an The Mercantile richten, und zwar per E-Mail an die folgende Adresse tag@epbs.eu oder an die oben angegebene Postanschrift.<\/p>\n\n<p>In dem Schreiben m\u00fcssen Sie angeben, welche dieser Rechte Sie in Anspruch nehmen m\u00f6chten, und Sie m\u00fcssen die Fotokopie der DNI oder eines gleichwertigen Ausweises vorlegen oder bei Postzustellung beif\u00fcgen. Falls Sie durch einen gesetzlichen oder freiwilligen Vertreter handeln, m\u00fcssen Sie auch ein Dokument vorlegen, das die Vertretung und den Ausweis desselben belegt. Wenn Sie sich in Ihrem Recht auf den Schutz personenbezogener Daten verletzt f\u00fchlen, k\u00f6nnen Sie bei der spanischen Datenschutzbeh\u00f6rde (www.aepd.es) eine Beschwerde einreichen.&#13;\n<\/p>\n\n<p>equivalente. En caso de que actuara mediante representante, legal o voluntario, deber\u00e1 aportar tambi\u00e9n documento que acredite la representaci\u00f3n y documento identi\ufb01cativo del mismo. Asimismo, en caso de considerar vulnerado su derecho a la protecci\u00f3n de datos personales, podr\u00e1 interponer una reclamaci\u00f3n ante la Agencia Espa\u00f1ola de Protecci\u00f3n de Datos (<a href=\"https:\/\/www.aepd.es\/es\" target=\"_blank\" rel=\"noreferrer noopener nofollow\"><u>www.aepd.es<\/u><\/a>).<\/p>\n\n<p>\u2022\tWelche Rechte habe ich?&#13;\n\u2022\tWer kann diese Rechte vor The Mercantile geltend machen?&#13;\n\u2022\tWie und wo kann ich diese Rechte wahrnehmen?<\/p>\n\n<ul class=\"wp-block-list\">\n<li>Welche Rechte habe ich?<\/li>\n<\/ul>\n\n<ul class=\"wp-block-list\">\n<li> <\/li>\n<\/ul>\n\n<ul class=\"wp-block-list\">\n<li> <\/li>\n<\/ul>\n\n<ol class=\"wp-block-list\" type=\"I\" start=\"3\">\n<li>III. RECHTE AUF ERG\u00c4NZENDE INFORMATIONEN.<\/li>\n<\/ol>\n\n<ol class=\"wp-block-list\" type=\"a\">\n<li>Welche Rechte habe ich?<\/li>\n<\/ol>\n\n<p>Die Datenschutzbestimmungen erm\u00f6glichen es Ihnen, Ihre Rechte auf Auskunft, Berichtigung, Widerspruch, \u00dcbertragbarkeit, L\u00f6schung (&#8222;Recht auf Vergessenwerden&#8220;) und Einschr\u00e4nkung der Verarbeitung auszu\u00fcben und keine individualisierten Entscheidungen gegen\u00fcber dem f\u00fcr die Datenverarbeitung Verantwortlichen, The Mercantile, gem\u00e4\u00df der Verordnung (EU) 2016\/679 des Europ\u00e4ischen Parlaments und des Rates, vom 27. April 2016 zum Schutz nat\u00fcrlicher Personen bei der Verarbeitung personenbezogener Daten und zum freien Datenverkehr, mit der die Richtlinie 95\/46\/EG (Allgemeine Datenschutzverordnung, im Folgenden &#8222;DSGVO&#8220;) und das spanische Organgesetz 3\/2018 vom 5. Dezember \u00fcber den Schutz personenbezogener Daten und die Gew\u00e4hrleistung von Rechten in digitaler Form (LOPDGDD) aufgehoben werden:<\/p>\n\n<p><\/p>\n\n<h2 class=\"wp-block-heading\">Recht auf Zugang.<\/h2>\n\n<p>Sie haben das Recht, es zu erfahren:<\/p>\n\n<ul class=\"wp-block-list\">\n<li>ob wir personenbezogene Daten, die Sie betreffen, verarbeiten oder nicht.<\/li>\n\n\n\n<li>Die Herkunft Ihrer Daten, wenn Sie uns diese nicht zur Verf\u00fcgung gestellt haben.<\/li>\n\n\n\n<li>Die Zwecke der Verarbeitung Ihrer Daten.<\/li>\n\n\n\n<li>Die fraglichen Datenkategorien.<\/li>\n\n\n\n<li>Die Empf\u00e4nger oder Kategorien von Empf\u00e4ngern, an die die personenbezogenen Daten weitergegeben wurden oder werden.<\/li>\n\n\n\n<li>Wenn m\u00f6glich, die voraussichtliche Aufbewahrungsfrist der personenbezogenen Daten (oder, falls dies nicht m\u00f6glich ist, die Kriterien, die zur Festlegung dieser Frist herangezogen wurden).&#13;\n<\/li>\n\n\n\n<li>El derecho a presentar una reclamaci\u00f3n ante una autoridad de control.<\/li>\n\n\n\n<li>Das Recht, eine Beschwerde bei einer Aufsichtsbeh\u00f6rde einzureichen.<\/li>\n<\/ul>\n\n<p><\/p>\n\n<h2 class=\"wp-block-heading\">Derecho de rectificaci\u00f3n.<\/h2>\n\n<p>Wenn wir unter Verwendung Ihrer personenbezogenen Daten automatisierte Entscheidungen &#8211; einschlie\u00dflich Profiling &#8211; treffen.<\/p>\n\n<ul class=\"wp-block-list\">\n<li>Recht auf Berichtigung. Sie haben das Recht, Ihre personenbezogenen Daten berichtigen zu lassen:<\/li>\n\n\n\n<li>Vervollst\u00e4ndigung, wenn sie unvollst\u00e4ndig waren.&#13;\n<\/li>\n\n\n\n<li>sie zu aktualisieren oder zu berichtigen, wenn sie aus irgendeinem Grund nicht mehr den aktuellen Gegebenheiten entsprechen oder ungenau sind.&#13;\n<\/li>\n<\/ul>\n\n<p><\/p>\n\n<h2 class=\"wp-block-heading\">Wenn Sie von Ihrem Recht auf Berichtigung Gebrauch machen, werden wir sicherstellen, dass alle Ihre personenbezogenen Daten richtig und vollst\u00e4ndig sind. Recht auf L\u00f6schung.<\/h2>\n\n<p>Sie haben das Recht, Ihre personenbezogenen Daten l\u00f6schen zu lassen, wenn eine der folgenden Bedingungen zutrifft:<\/p>\n\n<ul class=\"wp-block-list\">\n<li>Diese Daten sind f\u00fcr die Zwecke, f\u00fcr die sie erhoben oder verarbeitet wurden, nicht mehr erforderlich.<\/li>\n\n\n\n<li>Sie widerrufen die Einwilligung, auf die wir die Verarbeitung Ihrer Daten st\u00fctzen, und sie kann nicht durch eine andere Legitimationsgrundlage gedeckt werden.&#13;\n<\/li>\n\n\n\n<li>Sie haben erfolgreich von Ihrem Recht Gebrauch gemacht, der Verarbeitung Ihrer Daten zu widersprechen.<\/li>\n\n\n\n<li>Die personenbezogenen Daten sind unrechtm\u00e4\u00dfig verarbeitet worden. <\/li>\n<\/ul>\n\n<p><\/p>\n\n<h2 class=\"wp-block-heading\">Recht auf Einschr\u00e4nkung der Behandlung.<\/h2>\n\n<p>Sie haben das Recht, die Einschr\u00e4nkung der Verarbeitung Ihrer personenbezogenen Daten zu erwirken (d. h., dass wir sie aufbewahren, ohne sie f\u00fcr die vorgesehenen Zwecke zu verwenden).<\/p>\n\n<p><\/p>\n\n<h2 class=\"wp-block-heading\">Recht auf Widerspruch.<\/h2>\n\n<p>Sie haben das Recht, uns aufzufordern, die Verwendung Ihrer personenbezogenen Daten einzustellen, z. B. wenn Sie der Meinung sind, dass die \u00fcber Sie gespeicherten personenbezogenen Daten nicht korrekt sind oder wir sie nicht mehr verwenden m\u00fcssen.<\/p>\n\n<p><\/p>\n\n<h2 class=\"wp-block-heading\">Recht auf \u00dcbertragbarkeit.<\/h2>\n\n<p>Wenn die Verarbeitung Ihrer Daten auf einer Einwilligung beruht oder f\u00fcr die Erf\u00fcllung eines Vertrages oder eines Vorvertrages notwendig ist und mit automatisierten Mitteln erfolgt, haben Sie das Recht auf die \u00dcbertragbarkeit Ihrer Daten, d.h. sie in einem strukturierten Format zu erhalten. Das hei\u00dft, Sie haben das Recht, Ihre Daten in einem strukturierten Format zu erhalten, d.h. in einem Format, das allgemein gebr\u00e4uchlich und maschinell lesbar ist, auch um sie an einen neuen Verantwortlichen zu \u00fcbermitteln, weshalb The Mercantile die \u00dcbertragbarkeit Ihrer Daten an den neuen Verantwortlichen erleichtern wird.&#13;\n<\/p>\n\n<ol class=\"wp-block-list\" type=\"a\" start=\"2\">\n<li>Wer kann diese Rechte vor The Mercantile geltend machen?<\/li>\n<\/ol>\n\n<p>Sie als Betroffener oder Inhaber der personenbezogenen Daten, der in eigenem Namen und mit eigenem Recht handelt.&#13;\n<\/p>\n\n<p>durch eine andere Person, die ordnungsgem\u00e4\u00df akkreditiert als gesetzlicher Vertreter (z. B. wenn die Inhaber der elterlichen Sorge oder Vormundschaft im Namen einer Person unter 14 Jahren handeln oder wenn sie als gesetzlicher Vertreter einer Person mit funktionaler Vielfalt handeln) oder als Freiwilliger (Person, der Sie frei und freiwillig Vollmachten f\u00fcr diese Zwecke erteilt haben) handelt.&#13;\n<\/p>\n\n<ol class=\"wp-block-list\" type=\"a\" start=\"3\">\n<li>Wie und wo kann ich diese Rechte wahrnehmen?<\/li>\n<\/ol>\n\n<p>Auf dem Postweg:<\/p>\n\n<p>Sie k\u00f6nnen das Schreiben an die folgende Postanschrift senden: Wilhelm Hoegner Str. 52. 81737, M\u00fcnchen (M\u00fcnchen).<\/p>\n\n<p>Per Internet:<\/p>\n\n<p>Sie k\u00f6nnen das Schreiben per E-Mail an die folgende Adresse senden: <a href=\"mailto:tag@epbs.eu\"><u>tag@epbs.eu<\/u><\/a><\/p>\n\n<p>In beiden F\u00e4llen m\u00fcssen Sie:<\/p>\n\n<p>Stellen Sie ausreichende Daten und Informationen zur Verf\u00fcgung, um der Anfrage nachzukommen. Zu diesem Zweck k\u00f6nnen Sie die von der spanischen Datenschutzbeh\u00f6rde https:\/\/www.aepd.es\/es\/derechos-y-deberes\/conoce-tus-derechos zur Verf\u00fcgung gestellten Formularmuster verwenden.&#13;\n<\/p>\n\n<p>Unterschreiben Sie das Formular handschriftlich oder, falls Sie \u00fcber ein anerkanntes digitales Zertifikat verf\u00fcgen, elektronisch.<\/p>\n\n<p>En caso de actuar en representaci\u00f3n de un tercero, se debe incluir tambi\u00e9n copia de su DNI o documento identi\ufb01cativo equivalente, as\u00ed como el documento acreditativo de la representaci\u00f3n del interesado.<\/p>\n\n<p>F\u00fcgen Sie eine Fotokopie Ihrer DNI, Ihres Reisepasses, Ihrer NIE oder eines anderen gleichwertigen Ausweisdokuments bei.&#13;\n&#13;\nHandelt der Antragsteller im Namen eines Dritten, so ist eine Kopie seiner DNI oder eines gleichwertigen Ausweises beizuf\u00fcgen sowie das Dokument, das die Vertretung des Antragstellers belegt, und das Formular und die Dokumente zum Nachweis seiner Identit\u00e4t auf einem der oben genannten Wege zu \u00fcbermitteln. &#13;\n&#13;\n<\/p>\n\n<p><\/p>\n\n<ol class=\"wp-block-list\" type=\"a\" start=\"4\">\n<li>Zus\u00e4tzliche Informationen.<\/li>\n<\/ol>\n\n<p>Die Handelskammer pr\u00fcft, ob der Antrag rechtm\u00e4\u00dfig ist oder nicht. Sie unterrichtet den Antragsteller \u00fcber die getroffene Entscheidung und verf\u00e4hrt entsprechend: Wird dem Antrag stattgegeben, ergreift sie die geeigneten Ma\u00dfnahmen entsprechend dem ausge\u00fcbten Recht; wird er abgelehnt, weist sie auf das gesetzlich vorgesehene System der Mittel hin. Sind die Antr\u00e4ge offensichtlich unbegr\u00fcndet oder \u00fcberzogen (z. B. weil sie sich wiederholen), kann The Mercantile: (I) eine Geb\u00fchr erheben, die im Verh\u00e4ltnis zu den entstandenen Verwaltungskosten steht (II) sich weigern, t\u00e4tig zu werden.<\/p>\n\n<p>Wenn Sie weitere Informationen oder Klarstellungen zu Ihren Rechten im Zusammenhang mit dem Schutz personenbezogener Daten w\u00fcnschen, k\u00f6nnen Sie ein Schreiben an die folgende E-Mail-Adresse senden: <a href=\"mailto:tag@epbs.eu\"><u>tag@epbs.eu<\/u><\/a>.<\/p>\n\n<p><\/p>\n\n<ol class=\"wp-block-list\" type=\"I\" start=\"4\">\n<li>ZUS\u00c4TZLICHE INFORMATIONEN ZUM DATENSCHUTZ.<\/li>\n<\/ol>\n\n<ol class=\"wp-block-list\">\n<li>KUNDEN UND MITARBEITER.<\/li>\n<\/ol>\n\n<p>Ihre Daten werden von The Mercantile als Datenverantwortlicher verarbeitet.<\/p>\n\n<p>Ihre pers\u00f6nlichen Daten werden zum Zweck der Aufrechterhaltung von Beziehungen jeglicher Art mit unseren Kunden aufgrund der von uns unterhaltenen vertraglichen Beziehung verwendet, insbesondere in Bezug auf die wirtschaftliche, administrative und steuerliche Verwaltung, die Qualit\u00e4t und die pers\u00f6nliche Betreuung, die zur Erf\u00fcllung der vertraglichen Beziehung erforderlich ist.<\/p>\n\n<p>Die Rechtm\u00e4\u00dfigkeit der Datenverarbeitung beruht auf Artikel 6 Absatz 1 Buchstabe b der Datenschutzrichtlinie: Die Verarbeitung ist f\u00fcr die Erf\u00fcllung eines Vertrags, dessen Vertragspartei die betroffene Person ist, oder f\u00fcr die Durchf\u00fchrung vorvertraglicher Ma\u00dfnahmen auf Antrag der betroffenen Person erforderlich, und auf Artikel 6 Absatz 1 Buchstabe c der Datenschutzrichtlinie: Die Verarbeitung ist f\u00fcr die Erf\u00fcllung einer rechtlichen Verpflichtung erforderlich, der die f\u00fcr die Verarbeitung verantwortliche Person unterliegt.<\/p>\n\n<p>Die Aufbewahrungsfrist Ihrer pers\u00f6nlichen Daten betr\u00e4gt f\u00fcr die Dauer der bestehenden Beziehung und nach deren Beendigung werden sie gem\u00e4\u00df den gesetzlichen Aufbewahrungsfristen in Wirtschafts- und Steuerangelegenheiten aufbewahrt, die je nach Art des Dokuments zwischen mindestens 4 und h\u00f6chstens 10 Jahren liegen k\u00f6nnen.<\/p>\n\n<p><\/p>\n\n<ol class=\"wp-block-list\" start=\"2\">\n<li>LIEFERANTEN.<\/li>\n<\/ol>\n\n<p>Die personenbezogenen Daten des Vertragsunterzeichners sowie der Personen, die an der Erbringung der Dienstleistung teilnehmen oder mit ihr in Kontakt stehen, werden von The Mercantile in ihrer Eigenschaft als f\u00fcr die Datenverarbeitung Verantwortliche verarbeitet.<\/p>\n\n<p>Die Rechtsgrundlage, die die Verarbeitung der Daten legitimiert, ist die vertragliche Beziehung, f\u00fcr die Formalisierung und Ausf\u00fchrung desselben.<\/p>\n\n<p>Der Zweck der Verarbeitung ist die Aufrechterhaltung des Vertragsverh\u00e4ltnisses in den abgeleiteten wirtschaftlichen und technischen Aspekten sowie die Entwicklung und Kontrolle der vertraglich vereinbarten Dienstleistung(en) und gegebenenfalls die \u00dcbermittlung von Informationen \u00fcber Vorf\u00e4lle im Zusammenhang mit ihnen.<\/p>\n\n<p>Die Daten werden nicht an Dritte weitergegeben, es sei denn, sie werden an \u00f6ffentliche oder private Stellen weitergeleitet, an die die Weitergabe zur Verwaltung des Vertragsverh\u00e4ltnisses erforderlich oder obligatorisch ist, sowie in den gesetzlich vorgesehenen F\u00e4llen.<\/p>\n\n<p>Die Daten werden so lange aufbewahrt, wie es f\u00fcr die Erf\u00fcllung des Zwecks, f\u00fcr den sie erhoben wurden, und f\u00fcr die Feststellung m\u00f6glicher Verantwortlichkeiten, die sich aus diesem Zweck und der Verarbeitung der Daten ergeben k\u00f6nnen, erforderlich ist, und wie es <\/p>\n\n<p>von den zust\u00e4ndigen Beh\u00f6rden (Steuerbeh\u00f6rde, Gerichte) verlangt werden kann.<\/p>\n\n<p><\/p>\n\n<ol class=\"wp-block-list\" start=\"3\">\n<li>SOZIALE NETZWERKE.<\/li>\n<\/ol>\n\n<p>Der Online-Handel hat verschiedene Profile in sozialen Netzwerken, um seine Aktivit\u00e4ten bekannt zu machen und mit den Nutzern zu interagieren. Die Nutzer dieser sozialen Netzwerke, die sich freiwillig entscheiden, The Mercantile zu folgen oder mit ihr befreundet zu sein, erkl\u00e4ren sich mit der Verarbeitung ihrer personenbezogenen Daten im Zusammenhang mit ihrem Profil einverstanden, um im sozialen Netzwerk zu interagieren. The Mercantile sammelt keine Daten von sozialen Netzwerken f\u00fcr andere als die genannten Zwecke.<\/p>\n\n<p>Die Nutzung sozialer Netzwerke beinhaltet eine internationale Daten\u00fcbermittlung f\u00fcr die Erbringung der Dienstleistung. Diese \u00dcbermittlung erfolgt auf der Grundlage der Annahme von Standardvertragsklauseln durch das soziale Netzwerk, gem\u00e4\u00df dem Beschluss 2010\/87 der Europ\u00e4ischen Kommission. Sie k\u00f6nnen sich jederzeit von The Mercantile abmelden oder mit ihr befreundet sein.<\/p>\n\n<p>Der Nutzer ist verpflichtet, bei allen Informationen, die The Mercantile auf ihrer Website ver\u00f6ffentlicht, die Rechte Dritter zu respektieren, insbesondere das Recht auf Privatsph\u00e4re und Datenschutz sowie die Bestimmungen zum geistigen und gewerblichen Eigentum.<\/p>\n\n<p>Die Ver\u00f6ffentlichung von Informationen, die in irgendeiner Weise gegen die Moral, die \u00f6ffentliche Ordnung, die Grundrechte, die \u00f6ffentlichen Freiheiten, insbesondere gegen die Ehre, die Privatsph\u00e4re oder das Ansehen Dritter und ganz allgemein gegen die Menschenrechte versto\u00dfen, ist verboten. Der Internetnutzer tr\u00e4gt die alleinige Verantwortung f\u00fcr die ver\u00f6ffentlichten Informationen.<\/p>\n\n<p>Wir empfehlen, die Datenschutzeinstellungen des sozialen Netzwerks zu \u00fcberpr\u00fcfen und einen Link zu den verschiedenen Datenschutzrichtlinien beizuf\u00fcgen:<\/p>\n\n<p>Twitter: <a href=\"https:\/\/twitter.com\/es\/privacy\" rel=\"nofollow noopener\"><u>https:\/\/twitter.com\/es\/privacy<\/u><\/a><\/p>\n\n<p>Facebook: <a href=\"https:\/\/es-es.facebook.com\/privacy\/explanation\" rel=\"nofollow noopener\"><u>https:\/\/es-es.facebook.com\/privacy\/explanation<\/u><\/a><\/p>\n\n<p>Instagram: <a href=\"https:\/\/es-es.facebook.com\/help\/instagram\/519522125107875\" rel=\"nofollow noopener\"><u>https:\/\/es-es.facebook.com\/help\/instagram\/519522125107875<\/u><\/a><\/p>\n\n<p>Linkedin: <a href=\"https:\/\/es.linkedin.com\/legal\/privacy-policy\" rel=\"nofollow noopener\"><u>https:\/\/es.linkedin.com\/legal\/privacy-policy<\/u><\/a><\/p>\n\n<p>Youtube: <a href=\"https:\/\/www.youtube.com\/intl\/es\/about\/policies\/#community-guidelines\" rel=\"nofollow noopener\"><u>https:\/\/www.youtube.com\/intl\/es\/about\/policies\/#community-guidelines<\/u><\/a><\/p>\n\n<p><\/p>\n\n<ol class=\"wp-block-list\" start=\"4\">\n<li>EMAIL.<\/li>\n<\/ol>\n\n<p>Die personenbezogenen Daten, die wir infolge des Empfangs und\/oder des Austauschs von E-Mails verarbeiten, werden zum Zweck der Bearbeitung und Beantwortung Ihrer Informationsanfragen oder Anfragen, zur Aufrechterhaltung von gesch\u00e4ftlichen oder beruflichen Kontakten und Beziehungen, die sich daraus ergeben, oder zur Aufrechterhaltung einer vertraglichen Beziehung verarbeitet.<\/p>\n\n<div style=\"height:100px\" aria-hidden=\"true\" class=\"wp-block-spacer\"><\/div>\n","protected":false},"excerpt":{"rendered":"<p>Epbs, European Business Solutions GmbH, (im Folgenden The Mercantile) beh\u00e4lt sich das Recht vor, diese Richtlinie zu \u00e4ndern, um sie an neue Gesetze, juristische Kriterien, Branchenpraktiken oder Interessen des Unternehmens anzupassen. Jede \u00c4nderung wird rechtzeitig bekannt gegeben, so dass Sie \u00fcber den Inhalt genau informiert sind.&#13; Um bestimmte Dienstleistungen erbringen zu k\u00f6nnen, ist es notwendig, [&hellip;]<\/p>\n","protected":false},"author":1,"featured_media":0,"parent":0,"menu_order":0,"comment_status":"closed","ping_status":"closed","template":"","meta":{"footnotes":""},"class_list":["post-1710","page","type-page","status-publish","hentry"],"_links":{"self":[{"href":"https:\/\/ileave.es\/de\/wp-json\/wp\/v2\/pages\/1710","targetHints":{"allow":["GET"]}}],"collection":[{"href":"https:\/\/ileave.es\/de\/wp-json\/wp\/v2\/pages"}],"about":[{"href":"https:\/\/ileave.es\/de\/wp-json\/wp\/v2\/types\/page"}],"author":[{"embeddable":true,"href":"https:\/\/ileave.es\/de\/wp-json\/wp\/v2\/users\/1"}],"replies":[{"embeddable":true,"href":"https:\/\/ileave.es\/de\/wp-json\/wp\/v2\/comments?post=1710"}],"version-history":[{"count":6,"href":"https:\/\/ileave.es\/de\/wp-json\/wp\/v2\/pages\/1710\/revisions"}],"predecessor-version":[{"id":3056,"href":"https:\/\/ileave.es\/de\/wp-json\/wp\/v2\/pages\/1710\/revisions\/3056"}],"wp:attachment":[{"href":"https:\/\/ileave.es\/de\/wp-json\/wp\/v2\/media?parent=1710"}],"curies":[{"name":"wp","href":"https:\/\/api.w.org\/{rel}","templated":true}]}}