{"id":1701,"date":"2023-09-05T11:50:55","date_gmt":"2023-09-05T09:50:55","guid":{"rendered":"https:\/\/ileave.crealogica.eu\/privacy-policy\/"},"modified":"2024-01-17T11:53:11","modified_gmt":"2024-01-17T10:53:11","slug":"privacy-policy","status":"publish","type":"page","link":"https:\/\/ileave.es\/en\/privacy-policy\/","title":{"rendered":"Privacy Policy"},"content":{"rendered":"\n<ol class=\"wp-block-list\" type=\"I\">\n<li>INTRODUCTION.<\/li>\n<\/ol>\n\n<p>Epbs, European Business Solutions GmbH, (hereinafter, The Mercantile)&#13;\nreserves the right to modify this Policy in order to adapt it to new legislation,&#13;\njurisprudential criteria, industry practices, or interests of the entity. Any modification in&#13;\nthe same will be announced in due time, so that you have perfect knowledge of its&#13;\ncontent.<\/p>\n\n<p>In order to provide certain services, it is necessary to manage your personal&#13;\ndata. For these purposes, they will be incorporated into the corresponding treatment&#13;\nactivities of The Mercantile Epbs, European Business Solutions GmbH. and will be&#13;\ntreated with the specific purpose of each treatment, in accordance, mainly, with the&#13;\nregulation established by the GDPR, Regulation ( UE) 2016\/679 of the European&#13;\nParliament and of the Council, of April 27, 2016, regarding the protection of natural&#13;\npersons with regard to the processing of personal data and the free circulation of these&#13;\ndata and by which the Directive 95\/46\/CE (General Data Protection Regulation) and&#13;\nSpanish Organic Law 3\/2018, of December 5, on the Protection of Personal Data and&#13;\nguarantee of digital rights (LOPDGDD).<\/p>\n\n<p><\/p>\n\n<ol class=\"wp-block-list\" type=\"I\" start=\"2\">\n<li>GENERAL INFORMATION.<\/li>\n<\/ol>\n\n<p>Below, The Mercantile informs, in a general way, about the safeguarding of&#13;\nprivacy and the protection of personal data applied to the treatment activities carried&#13;\nout at the Portal level, as well as by other means:<\/p>\n\n<p><\/p>\n\n<h2 class=\"wp-block-heading\">1.- Who is responsible for the processing of your personal data?<\/h2>\n\n<p>The Mercantile Epbs, European Business Solutions GmbH, CIF:&#13;\nDE336262930, has the status of Data Controller, with registered office for these&#13;\npurposes in Wilhelm Hoegner Str. 52. 81737, M\u00fcnchen (M\u00fcnchen).<\/p>\n\n<p>Registered in the following Mercantile Register \/ Public Registry:<br\/>&#13;\nAddress: Wilhelm Hoegner Str. 52. 81737, M\u00fcnchen (M\u00fcnchen).<br\/>&#13;\nTelephone: 629562629<br\/><\/p>\n\n<p>E-mail: <a href=\"mailto:tag@epbs.eu\"><u>tag@epbs.eu<\/u><\/a><\/p>\n\n<p>Our web: <a href=\"http:\/\/www.ileave.es\/\"><u>http:\/\/www.ileave.es\/<\/u><\/a><\/p>\n\n<p> <\/p>\n\n<p>Email DPD:<\/p>\n\n<p><\/p>\n\n<h2 class=\"wp-block-heading\">2.- Why do we process your personal data?<\/h2>\n\n<p>The purpose of the collection and processing of personal data, through the different&#13;\nforms owned by The Mercantile, made available to Users, respond, depending on the&#13;\nspecific case, to manage and respond to requests for information, doubts, complaints,&#13;\ncongratulations or suggestions to the publications or to any services or activities, acts or events provided, offered, sponsored and\/or sponsored by The Mercantile.&#13;\nSpecifically, at The Mercantile we process the data for the following purposes:<\/p>\n\n<p>Information and, where appropriate, processing of the application for registration&#13;\nand management of your condition as an Associate of The Mercantile \/ Client of&#13;\nThe Mercantile.<\/p>\n\n<p>Economic, accounting, administrative and billing management in any of its&#13;\nconditions (Associate of The Mercantile \/ Client of The Mercantile; publication&#13;\norders; registration).<\/p>\n\n<p>Management of subscription requests to receive communications and electronic&#13;\nnewsletters about The Mercantile.<\/p>\n\n<p>Attention, response and management of information or contact requests made to&#13;\nThe Mercantile.<\/p>\n\n<p>Sending information about The Mercantile&#8217;s own services, seminars and events&#13;\nthat are organized, including information about The Mercantile&#8217;s services.<\/p>\n\n<p>Conducting market research to measure the quality of The Mercantile&#8217;s services,&#13;\nthrough satisfaction surveys.<\/p>\n\n<p>In the case of purchases through The Mercantile&#8217;s website, the data collected on&#13;\nit will be used to manage the contractual relationship with The Mercantile, as well&#13;\nas for economic, accounting, administrative, and billing management derived&#13;\nfrom the purchase same.<\/p>\n\n<p>Inclusion, where appropriate, in the restricted access area of the website.<\/p>\n\n<p><\/p>\n\n<h2 class=\"wp-block-heading\">3.- What is the legal basis that legitimizes the processing of your personal data?&#13;\nIn other words, what grounds or enables us to process your personal data?<\/h2>\n\n<p>The legal basis that legitimizes us for the treatment of your personal data are the&#13;\nfollowing; (I) the consent granted by you by signing or accepting the pertinent forms, for&#13;\none or several specific purposes (II) and, if applicable, the execution of a contract to&#13;\nwhich you are a party, as a contractor or client.<\/p>\n\n<p><\/p>\n\n<h2 class=\"wp-block-heading\">4.- How long do we keep your personal data?<\/h2>\n\n<p>We will keep your personal data for the corresponding period to maintain a history of&#13;\nattention and manage our services efficiently and the interested party does not request&#13;\nits deletion. Even if the deletion is requested, they will remain blocked for the time&#13;\nnecessary, and limiting their treatment, only for one of these cases: comply with the&#13;\nlegal\/contractual obligations of any kind to which we are subject and\/or during the legal&#13;\nperiods established for the prescription of any responsibilities on our part and\/or the&#13;\nexercise or defense of claims derived from the relationship maintained with the owner&#13;\nof the data.<\/p>\n\n<p><\/p>\n\n<h2 class=\"wp-block-heading\">5.- Who should keep the data up to date?<\/h2>\n\n<p>On the other hand, in order that the data in our files, computerized and\/or on paper,&#13;\nalways correspond to reality, we will try to keep them updated. So, for these purposes,&#13;\nthe User must make the changes, directly, when so enabled or by communicating, by&#13;\nreliable means, to the corresponding area or department of The Mercantile.<\/p>\n\n<p><\/p>\n\n<h2 class=\"wp-block-heading\">6.- Who can be assignees or recipients of your personal data?<\/h2>\n\n<p>Personal data will not be transferred or communicated to third parties, except in the&#13;\ncases necessary for the development, control and fulfillment of the expressed&#13;\npurpose(s), in the cases provided by Law.<\/p>\n\n<p><\/p>\n\n<h2 class=\"wp-block-heading\">7.- Seguridad de los datos personales.<\/h2>\n\n<p>The Mercantile will adopt the appropriate technical and organizational measures in its&#13;\ninformation system, complying with the principle of proactive responsibility, in order to&#13;\nguarantee the security and confidentiality of the stored data, thus avoiding its alteration,&#13;\nloss, treatment or unauthorized access; taking into account the state of the art, the&#13;\ncosts of application, and the nature, scope, context and purposes of the treatment, as&#13;\nwell as risks of variable probability and severity associated with each of the treatments.<\/p>\n\n<p><\/p>\n\n<h2 class=\"wp-block-heading\">8.- What are your data protection rights and how can you exercise them?<\/h2>\n\n<p>You may exercise your rights of access, rectification, deletion, limitation,&#13;\nportability or, where appropriate, opposition, for these purposes, you must submit a letter to The Mercantile, by email addressed to the following address tag@epbs.eu or the postal address indicated above.<\/p>\n\n<p>In the letter you must specify which of these rights you request to be satisfied&#13;\nand, in turn, you must show or, in the case of postal delivery, accompany the&#13;\nphotocopy of the DNI or equivalent identification document. In the event that you act&#13;\nthrough a representative, legal or voluntary, you must also provide a document that&#13;\nproves the representation and identification document of the same. Likewise, if you&#13;\nconsider your right to the protection of personal data violated, you may file a claim with&#13;\nthe Spanish Data Protection Agency (www.aepd.es).<\/p>\n\n<p>equivalente. En caso de que actuara mediante representante, legal o voluntario, deber\u00e1 aportar tambi\u00e9n documento que acredite la representaci\u00f3n y documento identi\ufb01cativo del mismo. Asimismo, en caso de considerar vulnerado su derecho a la protecci\u00f3n de datos personales, podr\u00e1 interponer una reclamaci\u00f3n ante la Agencia Espa\u00f1ola de Protecci\u00f3n de Datos (<a href=\"https:\/\/www.aepd.es\/es\" target=\"_blank\" rel=\"noreferrer noopener nofollow\"><u>www.aepd.es<\/u><\/a>).<\/p>\n\n<p>Below more information about the exercise of your data protection rights is\u00a0provided:<\/p>\n\n<ul class=\"wp-block-list\">\n<li>What are my rights?<\/li>\n<\/ul>\n\n<ul class=\"wp-block-list\">\n<li><strong>What are my rights?<\/strong><strong>estos<\/strong><br\/>&#13;\n<strong>Who can exercise these rights before The Mercantile?<\/strong><\/li>\n<\/ul>\n\n<ul class=\"wp-block-list\">\n<li><strong>How and where can I exercise these rights<\/strong><\/li>\n<\/ul>\n\n<ol class=\"wp-block-list\" type=\"I\" start=\"3\">\n<li>SUPPLEMENTARY INFORMATION RIGHTS.<\/li>\n<\/ol>\n\n<ol class=\"wp-block-list\" type=\"a\">\n<li>What are my rights?<\/li>\n<\/ol>\n\n<p>The data protection regulations allow you to exercise your rights of access, rectification, opposition, portability, deletion (\u201cright to be forgotten\u201d), treatment limitation and not to be subject to individualized decisions before the data controller, The Mercantile, in accordance with Regulation (EU) 2016\/679, of the European Parliament and of the Council, of April 27, 2016, regarding the protection of natural persons with regard to the processing of personal data and the free movement of these data and which repeals Directive 95\/46\/EC (General Data Protection Regulation, hereinafter &#8220;RGPD&#8221;) and Spanish Organic Law 3\/2018, of December 5, on the Protection of Personal Data and guarantee of rights digital (LOPDGDD):<\/p>\n\n<p><\/p>\n\n<h2 class=\"wp-block-heading\">Right of access.<\/h2>\n\n<p>You have the right to know:<\/p>\n\n<ul class=\"wp-block-list\">\n<li>Whether or not we are treating personal data that concerns you.<\/li>\n\n\n\n<li>The origin of your data, if you did not provide it to us.<\/li>\n\n\n\n<li>The purposes of processing your data.<\/li>\n\n\n\n<li>The categories of data in question.<\/li>\n\n\n\n<li>The recipients or categories of recipients to whom the personal data has been&#13;\nor will be disclosed.<\/li>\n\n\n\n<li>If possible, the anticipated retention period of the personal data (or, if not&#13;\npossible, the criteria used to determine this period).<\/li>\n\n\n\n<li>The right to file a claim with a supervisory authority.<\/li>\n\n\n\n<li>If we make automated decisions &#8211; including profiling &#8211; using your personal data.<\/li>\n<\/ul>\n\n<p><\/p>\n\n<h2 class=\"wp-block-heading\">Right of rectification.<\/h2>\n\n<p>You have the right to have your personal data rectified:<\/p>\n\n<ul class=\"wp-block-list\">\n<li>Completing them, if they were incomplete.<\/li>\n\n\n\n<li>Updating or rectifying them, if for any reason they are no longer in accordance with the current reality or are inaccurate.<\/li>\n\n\n\n<li>By exercising the right of rectification, we will ensure that all your personal data is accurate and complete.<\/li>\n<\/ul>\n\n<p><\/p>\n\n<h2 class=\"wp-block-heading\">Right of deletion.<\/h2>\n\n<p>You have the right to have your personal data deleted when any of the following conditions apply:<\/p>\n\n<ul class=\"wp-block-list\">\n<li>These data are no longer necessary for the purposes for which they were collected or processed.<\/li>\n\n\n\n<li>You withdraw the consent on which we base the processing of your data and it cannot be covered by another basis of legitimacy.<\/li>\n\n\n\n<li>You have successfully exercised the right to object to the processing of your data.<\/li>\n\n\n\n<li>The personal data has been unlawfully processed.<\/li>\n<\/ul>\n\n<p><\/p>\n\n<h2 class=\"wp-block-heading\">Right to limitation of treatment.<\/h2>\n\n<p>You will have the right to obtain the limitation of the processing of your personal data (that is, that we keep them without using them for the intended purposes).<\/p>\n\n<p><\/p>\n\n<h2 class=\"wp-block-heading\">Right of opposition.<\/h2>\n\n<p>You have the right to ask us to stop using your personal data, for example where you think the personal data we hold about you may be incorrect or you think we no longer need to use it.<\/p>\n\n<p><\/p>\n\n<h2 class=\"wp-block-heading\">Right of portability.<\/h2>\n\n<p>When the processing of your data is based on consent or is necessary for the execution of a contract or pre-contract and is carried out by automated means, you will have the right to the portability of your data, that is, to be delivered in a structured format. , of common use and mechanical reading, even to send them to a new person in charge, that is why The Mercantile will facilitate the portability of your data to the new person in charge.<\/p>\n\n<ol class=\"wp-block-list\" type=\"a\" start=\"2\">\n<li>Who can exercise these rights before The Mercantile?<\/li>\n<\/ol>\n\n<p>You, as the interested party or owner of the personal data, acting in your own name and right.<\/p>\n\n<p>Through another person who acts, duly accredited, as a legal representative (eg when the holders of parental authority or guardianship act on behalf of a person under 14 years of age or when acting as the legal representative of a person with functional diversity) or volunteer (person that you have freely and voluntarily granted powers of attorney for these purposes).<\/p>\n\n<ol class=\"wp-block-list\" type=\"a\" start=\"3\">\n<li>How and where can I exercise these rights?<\/li>\n<\/ol>\n\n<p>By postal mail:<\/p>\n\n<p>You can file the letter by sending it to the following postal address: Wilhelm Hoegner Str. 52. 81737, M\u00fcnchen (M\u00fcnchen).<\/p>\n\n<p>By Internet:<\/p>\n\n<p>You can file the letter by sending an email to the following address <a href=\"mailto:tag@epbs.eu\"><u>tag@epbs.eu<\/u><\/a><\/p>\n\n<p>In both cases, you must:<\/p>\n\n<p>Provide sufficient data and information to meet the request. For these purposes, you may use the form models made available by the Spanish Data Protection Agency https:\/\/www.aepd.es\/es\/derechos-y-deberes\/conoce-tus-derechos &#13;\n&#13;\nSign the form handwritten or, if applicable, and if you have a recognized digital certificate, sign it electronically.&#13;\n<\/p>\n\n<p>Attach a photocopy of DNI, Passport, NIE or other equivalent identification document.<\/p>\n\n<p>In case of acting on behalf of a third party, a copy of their DNI or equivalent identification document must also be included, as well as the document proving the representation of the interested party and send the form and documents proving their identity by any of the aforementioned means.<\/p>\n\n<p>Enviar el formulario y documentos acreditativos de su identidad por cualquiera de los medios anteriormente mencionados.<\/p>\n\n<p><\/p>\n\n<ol class=\"wp-block-list\" type=\"a\" start=\"4\">\n<li>Additional information.<\/li>\n<\/ol>\n\n<p>The Mercantile will analyze whether or not the request is legal. It will inform the petitioner of the decision adopted, proceeding accordingly: if it is upheld, it will adopt the appropriate measures according to the right exercised; if it is dismissed, it will indicate the system of resources provided by law. In the event that the requests are manifestly unfounded or excessive (eg, repetitive), The Mercantile may: (I) Charge a fee proportional to the administrative costs incurred (II) Refuse to act.<\/p>\n\n<p>For more information or clarification about your rights in personal data protection, you can send a letter to the following email address <a href=\"mailto:tag@epbs.eu\"><u>tag@epbs.eu<\/u><\/a>.<\/p>\n\n<p><\/p>\n\n<ol class=\"wp-block-list\" type=\"I\" start=\"4\">\n<li>ADDITIONAL INFORMATION ON DATA PROTECTION.<\/li>\n<\/ol>\n\n<ol class=\"wp-block-list\">\n<li>CUSTOMERS AND ASSOCIATES.<\/li>\n<\/ol>\n\n<p>Your data is processed by The Mercantile as data controller.<\/p>\n\n<p>Your personal data will be used for the purpose of maintaining relationships of any kind with our clients as a result of the contractual relationship that we maintain, especially that referring to economic, administrative and fiscal management, quality, and personalized attention necessary to comply with the contractual relationship.<\/p>\n\n<p>The legality of the treatment is based on article 6.1.b) of the RGPD: the treatment is necessary for the execution of a contract in which the interested party is a party or for the application at the request of the latter of pre-contractual measures and 6.1c) of the RGPD: the treatment is necessary for the fulfillment of a legal obligation applicable to the person in charge of the treatment.<\/p>\n\n<p>The term of conservation of your personal data will be, for the duration of the established relationship and once it has ended, they will be kept based on the legal terms of conservation in economic and fiscal matters, which based on the type of document can range from a minimum of 4 years and a maximum of 10 years.<\/p>\n\n<p><\/p>\n\n<ol class=\"wp-block-list\" start=\"2\">\n<li>SUPPLIERS.<\/li>\n<\/ol>\n\n<p>The personal data of the signatory of the contract, as well as of the people who participate or are in contact during the provision of the service, will be processed by The Mercantile, in its capacity as Data Controller.<\/p>\n\n<p>The legal basis that legitimizes the processing of data is the contractual relationship, for the formalization and execution of the same.<\/p>\n\n<p>The purpose of the treatment is to maintain the contractual relationship, in the derived economic and technical aspects, as well as the development and control of the contracted service(s) and, where appropriate, sending information on incidents related to them.<\/p>\n\n<p>The data will not be transferred to third parties, unless they are communicated to public or private entities, to which it is necessary or obligatory to transfer them in order to manage the contractual relationship, as well as in the cases provided, according to Law.<\/p>\n\n<p>The data will be kept for the time necessary to fulfill the purpose for which it was collected and to determine the possible responsibilities that may arise from said purpose and the processing of the data and may be required by the <\/p>\n\n<p>competent public authorities (Tax Agency, Courts or Tribunals).<\/p>\n\n<p><\/p>\n\n<ol class=\"wp-block-list\" start=\"3\">\n<li>SOCIAL NETWORKS.<\/li>\n<\/ol>\n\n<p>The Mercantile has different profiles on social networks to publicize its activities and interact with users. Users of these social networks who voluntarily decide to follow or be friends with The Mercantile, express their consent for the processing of their personal data related to their profile to interact on the social network. The Mercantile does not collect data from social networks for purposes other than those mentioned.<\/p>\n\n<p>La utilizaci\u00f3n de redes sociales comporta una transferencia internacional de datos para la prestaci\u00f3n del servicio. Esta comunicaci\u00f3n se realiza en base a la adopci\u00f3n por parte de la red social de cl\u00e1usulas contractuales tipo, conforme a la Decisi\u00f3n 2010\/87 de la Comisi\u00f3n Europea. En cualquier momento puede dejar de seguir o ser amigo de la organizaci\u00f3n.<\/p>\n\n<p>The use of social networks involves an international transfer of data for the provision of the service. This communication is made based on the adoption by the social network of standard contractual clauses, in accordance with Decision 2010\/87 of the European Commission. You can unfollow or be friends with The Mercantile at any time.<\/p>\n\n<p>The user must respect the rights of third parties, especially the rights of privacy and data protection, as well as the regulations on intellectual and industrial property, in all the information that The Mercantile publishes on its website.&#13;\n&#13;\nThe publication of information that in any way violates morality, public order, fundamental rights, public freedoms, with special attention to honor, privacy or theimage of third parties and, in general, against human rights is prohibited. The web user will be solely responsible for the information published.<\/p>\n\n<p>We recommend reviewing the privacy settings of the social network and attaching a&#13;\nlink to the different privacy policies:<\/p>\n\n<p>Twitter: <a href=\"https:\/\/twitter.com\/es\/privacy\" rel=\"nofollow noopener\"><u>https:\/\/twitter.com\/es\/privacy<\/u><\/a><\/p>\n\n<p>Facebook: <a href=\"https:\/\/es-es.facebook.com\/privacy\/explanation\" rel=\"nofollow noopener\"><u>https:\/\/es-es.facebook.com\/privacy\/explanation<\/u><\/a><\/p>\n\n<p>Instagram: <a href=\"https:\/\/es-es.facebook.com\/help\/instagram\/519522125107875\" rel=\"nofollow noopener\"><u>https:\/\/es-es.facebook.com\/help\/instagram\/519522125107875<\/u><\/a><\/p>\n\n<p>Linkedin: <a href=\"https:\/\/es.linkedin.com\/legal\/privacy-policy\" rel=\"nofollow noopener\"><u>https:\/\/es.linkedin.com\/legal\/privacy-policy<\/u><\/a><\/p>\n\n<p>Youtube: <a href=\"https:\/\/www.youtube.com\/intl\/es\/about\/policies\/#community-guidelines\" rel=\"nofollow noopener\"><u>https:\/\/www.youtube.com\/intl\/es\/about\/policies\/#community-guidelines<\/u><\/a><\/p>\n\n<p><\/p>\n\n<ol class=\"wp-block-list\" start=\"4\">\n<li>EMAIL.<\/li>\n<\/ol>\n\n<p>The personal data that we process as a result of receiving and\/or exchanging emails will be processed for the purpose of attending and responding to your request for information or query, to maintain commercial or professional contacts and relationships that occur as a result of the same, or for the maintenance in its case of a contractual relationship.<\/p>\n\n<div style=\"height:100px\" aria-hidden=\"true\" class=\"wp-block-spacer\"><\/div>\n","protected":false},"excerpt":{"rendered":"<p>Epbs, European Business Solutions GmbH, (hereinafter, The Mercantile)&#13; reserves the right to modify this Policy in order to adapt it to new legislation,&#13; jurisprudential criteria, industry practices, or interests of the entity. Any modification in&#13; the same will be announced in due time, so that you have perfect knowledge of its&#13; content. In order to [&hellip;]<\/p>\n","protected":false},"author":1,"featured_media":0,"parent":0,"menu_order":0,"comment_status":"closed","ping_status":"closed","template":"","meta":{"footnotes":""},"class_list":["post-1701","page","type-page","status-publish","hentry"],"_links":{"self":[{"href":"https:\/\/ileave.es\/en\/wp-json\/wp\/v2\/pages\/1701","targetHints":{"allow":["GET"]}}],"collection":[{"href":"https:\/\/ileave.es\/en\/wp-json\/wp\/v2\/pages"}],"about":[{"href":"https:\/\/ileave.es\/en\/wp-json\/wp\/v2\/types\/page"}],"author":[{"embeddable":true,"href":"https:\/\/ileave.es\/en\/wp-json\/wp\/v2\/users\/1"}],"replies":[{"embeddable":true,"href":"https:\/\/ileave.es\/en\/wp-json\/wp\/v2\/comments?post=1701"}],"version-history":[{"count":4,"href":"https:\/\/ileave.es\/en\/wp-json\/wp\/v2\/pages\/1701\/revisions"}],"predecessor-version":[{"id":3061,"href":"https:\/\/ileave.es\/en\/wp-json\/wp\/v2\/pages\/1701\/revisions\/3061"}],"wp:attachment":[{"href":"https:\/\/ileave.es\/en\/wp-json\/wp\/v2\/media?parent=1701"}],"curies":[{"name":"wp","href":"https:\/\/api.w.org\/{rel}","templated":true}]}}